{"id":90581,"date":"2016-04-11T12:05:46","date_gmt":"2016-04-11T15:05:46","guid":{"rendered":"http:\/\/senoticias.com.br\/se\/?page_id=90581"},"modified":"2016-04-11T12:12:11","modified_gmt":"2016-04-11T15:12:11","slug":"aposentados-recebem-na-quarta-feira-dia-13","status":"publish","type":"page","link":"https:\/\/senoticias.com.br\/se\/aposentados-recebem-na-quarta-feira-dia-13\/","title":{"rendered":"Aposentados recebem na quarta-feira, dia 13"},"content":{"rendered":"<p style=\"text-align: justify;\">O Governo do Estado informa que, devido \u00e0s constantes quedas na arrecada\u00e7\u00e3o e no repasse do Fundo de Participa\u00e7\u00e3o dos Estados (FPE), o pagamento dos aposentados ser\u00e1 realizado nesta quarta-feira, dia 13.<\/p>\n<p style=\"text-align: justify;\">Este m\u00eas, o repasse da primeira parcela do Fundo de Participa\u00e7\u00e3o dos Estados (FPE) de abril apresentou uma queda de R$ 6,3 milh\u00f5es em compara\u00e7\u00e3o com o mesmo per\u00edodo de 2015, significando, em termos percentuais, 4,8% a menos, conforme dados da Secretaria do Tesouro Nacional (STN). O acumulado para o ano de 2016 \u00e9 uma queda de R$ 49,3 milh\u00f5es, contabilizando os repasses de entre janeiro e abril.<\/p>\n<p><strong><em>Secretaria de Estado da Comunica\u00e7\u00e3o Social\u00a0<\/em><\/strong><br \/>\n<strong><em>Governo de Sergipe\u00a0<\/em><\/strong><\/p>\n","protected":false},"excerpt":{"rendered":"<p>O Governo do Estado informa que, devido \u00e0s constantes quedas na arrecada\u00e7\u00e3o e no repasse do Fundo de Participa\u00e7\u00e3o dos Estados (FPE), o pagamento dos aposentados ser\u00e1 realizado nesta quarta-feira, dia 13. Este m\u00eas, o repasse da primeira parcela do Fundo de Participa\u00e7\u00e3o dos Estados (FPE) de abril apresentou uma queda de R$ 6,3 milh\u00f5es [&hellip;]<\/p>\n","protected":false},"author":2,"featured_media":0,"parent":0,"menu_order":0,"comment_status":"open","ping_status":"open","template":"","meta":{"footnotes":""},"class_list":["post-90581","page","type-page","status-publish"],"_links":{"self":[{"href":"https:\/\/senoticias.com.br\/se\/wp-json\/wp\/v2\/pages\/90581"}],"collection":[{"href":"https:\/\/senoticias.com.br\/se\/wp-json\/wp\/v2\/pages"}],"about":[{"href":"https:\/\/senoticias.com.br\/se\/wp-json\/wp\/v2\/types\/page"}],"author":[{"embeddable":true,"href":"https:\/\/senoticias.com.br\/se\/wp-json\/wp\/v2\/users\/2"}],"replies":[{"embeddable":true,"href":"https:\/\/senoticias.com.br\/se\/wp-json\/wp\/v2\/comments?post=90581"}],"version-history":[{"count":0,"href":"https:\/\/senoticias.com.br\/se\/wp-json\/wp\/v2\/pages\/90581\/revisions"}],"wp:attachment":[{"href":"https:\/\/senoticias.com.br\/se\/wp-json\/wp\/v2\/media?parent=90581"}],"curies":[{"name":"wp","href":"https:\/\/api.w.org\/{rel}","templated":true}]}}