{"id":49410,"date":"2013-06-17T07:20:01","date_gmt":"2013-06-17T10:20:01","guid":{"rendered":"http:\/\/senoticias.com.br\/se\/?page_id=49410"},"modified":"2013-06-17T07:20:01","modified_gmt":"2013-06-17T10:20:01","slug":"prefeita-assina-ordem-de-servico-para-reforma-e-ampliacao-de-04-postos-de-saude-em-itaporanga","status":"publish","type":"page","link":"https:\/\/senoticias.com.br\/se\/prefeita-assina-ordem-de-servico-para-reforma-e-ampliacao-de-04-postos-de-saude-em-itaporanga\/","title":{"rendered":"Prefeita assina ordem de servi\u00e7o para reforma e amplia\u00e7\u00e3o de 04 postos de sa\u00fade em Itaporanga"},"content":{"rendered":"<p>&nbsp;<\/p>\n<p style=\"text-align: justify;\">A prefeita de Itaporanga D\u2019Ajuda, Maria das Gra\u00e7as (Gracinha), autorizou a reforma e amplia\u00e7\u00e3o de 04 unidades de sa\u00fade no munic\u00edpio. Ser\u00e3o reformadas e ampliadas as unidades dos povoados Sap\u00e9, Gravat\u00e1, Nova Descoberta e Assentamento 08 de Mar\u00e7o.<\/p>\n<div id=\"attachment_49411\" style=\"width: 598px\" class=\"wp-caption aligncenter\"><a href=\"http:\/\/senoticias.com.br\/se\/wp-content\/uploads\/2013\/06\/20130614_133634.jpg\"><img loading=\"lazy\" decoding=\"async\" aria-describedby=\"caption-attachment-49411\" class=\"size-full wp-image-49411\" title=\"\" src=\"http:\/\/senoticias.com.br\/se\/wp-content\/uploads\/2013\/06\/20130614_133634.jpg\" alt=\"\" width=\"588\" height=\"441\" srcset=\"https:\/\/senoticias.com.br\/se\/wp-content\/uploads\/2013\/06\/20130614_133634.jpg 588w, https:\/\/senoticias.com.br\/se\/wp-content\/uploads\/2013\/06\/20130614_133634-300x225.jpg 300w, https:\/\/senoticias.com.br\/se\/wp-content\/uploads\/2013\/06\/20130614_133634-342x256.jpg 342w, https:\/\/senoticias.com.br\/se\/wp-content\/uploads\/2013\/06\/20130614_133634-60x45.jpg 60w, https:\/\/senoticias.com.br\/se\/wp-content\/uploads\/2013\/06\/20130614_133634-150x113.jpg 150w, https:\/\/senoticias.com.br\/se\/wp-content\/uploads\/2013\/06\/20130614_133634-269x201.jpg 269w\" sizes=\"(max-width: 588px) 100vw, 588px\" \/><\/a><p id=\"caption-attachment-49411\" class=\"wp-caption-text\">H\u00e1 quase quatro anos as unidades n\u00e3o tinham manuten\u00e7\u00e3o. (Foto: Ascom\/Itaporanga)<\/p><\/div>\n<p style=\"text-align: justify;\">De acordo com a secret\u00e1ria municipal de Sa\u00fade, Elis\u00f4nia Lisboa, ser\u00e3o recuperados os telhados, instala\u00e7\u00f5es hidr\u00e1ulicas, infiltra\u00e7\u00f5es, pinturas, e reparos gerais e adequa\u00e7\u00e3o \u00e0s normas de acessibilidade nos banheiros e azulejos das unidades de sa\u00fade.<\/p>\n<p style=\"text-align: justify;\">\u201cVamos fazer uma reforma completa, inclusive, adaptando os banheiros e azulejos \u00e0s normas da acessibilidade. S\u00e3o necessidades f\u00edsicas que ser\u00e3o atendidas. Vamos correr contra o tempo para cumprir dentro do prazo determinado pela prefeita Gracinha\u201d, diz a secret\u00e1ria.<\/p>\n<p style=\"text-align: justify;\">A prefeita Gracinha destaca que a realiza\u00e7\u00e3o das obras \u00e9 fruto de reivindica\u00e7\u00f5es da popula\u00e7\u00e3o. Ela observa ainda que as obras v\u00e3o proporcionar mais conforto para a comunidade.<\/p>\n<div id=\"attachment_49412\" style=\"width: 598px\" class=\"wp-caption aligncenter\"><a href=\"http:\/\/senoticias.com.br\/se\/wp-content\/uploads\/2013\/06\/20130614_133641.jpg\"><img loading=\"lazy\" decoding=\"async\" aria-describedby=\"caption-attachment-49412\" class=\"size-full wp-image-49412\" title=\"20130614_133641\" src=\"http:\/\/senoticias.com.br\/se\/wp-content\/uploads\/2013\/06\/20130614_133641.jpg\" alt=\"\" width=\"588\" height=\"441\" srcset=\"https:\/\/senoticias.com.br\/se\/wp-content\/uploads\/2013\/06\/20130614_133641.jpg 588w, https:\/\/senoticias.com.br\/se\/wp-content\/uploads\/2013\/06\/20130614_133641-300x225.jpg 300w, https:\/\/senoticias.com.br\/se\/wp-content\/uploads\/2013\/06\/20130614_133641-342x256.jpg 342w, https:\/\/senoticias.com.br\/se\/wp-content\/uploads\/2013\/06\/20130614_133641-60x45.jpg 60w, https:\/\/senoticias.com.br\/se\/wp-content\/uploads\/2013\/06\/20130614_133641-150x113.jpg 150w, https:\/\/senoticias.com.br\/se\/wp-content\/uploads\/2013\/06\/20130614_133641-269x201.jpg 269w\" sizes=\"(max-width: 588px) 100vw, 588px\" \/><\/a><p id=\"caption-attachment-49412\" class=\"wp-caption-text\">A reforma do posto \u00e9 uma reivindica\u00e7\u00e3o antiga dos moradores da Nova Descoberta. (Foto: Ascom\/Itaporanga)<\/p><\/div>\n<p style=\"text-align: justify;\">\u201cAs obras s\u00e3o uma reivindica\u00e7\u00e3o dos moradores dessas localidades e v\u00e3o proporcionar melhores condi\u00e7\u00f5es de trabalho e mais conforto para as pessoas que buscam atendimento de m\u00e9dicos e especialistas no local. Nossa proposta \u00e9 que a popula\u00e7\u00e3o tenha um bom atendimento e, dentro do poss\u00edvel, uma sa\u00fade de qualidade\u201d, enfatiza a prefeita.<\/p>\n<p style=\"text-align: justify;\">Enquanto os postos de sa\u00fade ser\u00e3o reformados, a Prefeitura de Itaporanga alugar\u00e1 casas para que a popula\u00e7\u00e3o n\u00e3o fique sem assist\u00eancia \u00e0 sa\u00fade.<br \/>\nA reforma e amplia\u00e7\u00e3o das unidades de sa\u00fade ser\u00e3o realizadas gra\u00e7as a uma parceria entre a Prefeitura de Itaporanga e o Governo Federal, atrav\u00e9s do Requalifica &#8211; Programa de Requalifica\u00e7\u00e3o de Unidades B\u00e1sicas de Sa\u00fade (UBSs).<\/p>\n<p style=\"text-align: justify;\"><strong>Programa<\/strong><\/p>\n<p style=\"text-align: justify;\">O programa de requalifica\u00e7\u00e3o de UBSs tem como objetivo, entre outros, garantir recursos financeiros para amplia\u00e7\u00e3o, constru\u00e7\u00e3o e reforma das unidades desse modelo implantadas em territ\u00f3rio nacional, como forma de prover infraestrutura adequada para o desempenho das a\u00e7\u00f5es das equipes de aten\u00e7\u00e3o b\u00e1sica.<\/p>\n<p style=\"text-align: justify;\"><strong>Da T. Dantas Comunica\u00e7\u00e3o\u00a0<\/strong><\/p>\n","protected":false},"excerpt":{"rendered":"<p>&nbsp; A prefeita de Itaporanga D\u2019Ajuda, Maria das Gra\u00e7as (Gracinha), autorizou a reforma e amplia\u00e7\u00e3o de 04 unidades de sa\u00fade no munic\u00edpio. Ser\u00e3o reformadas e ampliadas as unidades dos povoados Sap\u00e9, Gravat\u00e1, Nova Descoberta e Assentamento 08 de Mar\u00e7o. De acordo com a secret\u00e1ria municipal de Sa\u00fade, Elis\u00f4nia Lisboa, ser\u00e3o recuperados os telhados, instala\u00e7\u00f5es hidr\u00e1ulicas, [&hellip;]<\/p>\n","protected":false},"author":2,"featured_media":49411,"parent":0,"menu_order":0,"comment_status":"closed","ping_status":"open","template":"","meta":{"footnotes":""},"class_list":["post-49410","page","type-page","status-publish","has-post-thumbnail"],"_links":{"self":[{"href":"https:\/\/senoticias.com.br\/se\/wp-json\/wp\/v2\/pages\/49410"}],"collection":[{"href":"https:\/\/senoticias.com.br\/se\/wp-json\/wp\/v2\/pages"}],"about":[{"href":"https:\/\/senoticias.com.br\/se\/wp-json\/wp\/v2\/types\/page"}],"author":[{"embeddable":true,"href":"https:\/\/senoticias.com.br\/se\/wp-json\/wp\/v2\/users\/2"}],"replies":[{"embeddable":true,"href":"https:\/\/senoticias.com.br\/se\/wp-json\/wp\/v2\/comments?post=49410"}],"version-history":[{"count":0,"href":"https:\/\/senoticias.com.br\/se\/wp-json\/wp\/v2\/pages\/49410\/revisions"}],"wp:featuredmedia":[{"embeddable":true,"href":"https:\/\/senoticias.com.br\/se\/wp-json\/wp\/v2\/media\/49411"}],"wp:attachment":[{"href":"https:\/\/senoticias.com.br\/se\/wp-json\/wp\/v2\/media?parent=49410"}],"curies":[{"name":"wp","href":"https:\/\/api.w.org\/{rel}","templated":true}]}}