{"id":48036,"date":"2013-05-14T23:20:03","date_gmt":"2013-05-15T02:20:03","guid":{"rendered":"http:\/\/senoticias.com.br\/se\/?page_id=48036"},"modified":"2013-05-14T23:21:56","modified_gmt":"2013-05-15T02:21:56","slug":"defensores-publicos-sao-impedidos-de-realizar-inspecao-na-clinica-sao-marcelo","status":"publish","type":"page","link":"https:\/\/senoticias.com.br\/se\/defensores-publicos-sao-impedidos-de-realizar-inspecao-na-clinica-sao-marcelo\/","title":{"rendered":"Defensores P\u00fablicos s\u00e3o impedidos de realizar inspe\u00e7\u00e3o na Cl\u00ednica S\u00e3o Marcelo"},"content":{"rendered":"<p>&nbsp;<\/p>\n<div id=\"attachment_48037\" style=\"width: 310px\" class=\"wp-caption alignleft\"><a href=\"http:\/\/senoticias.com.br\/se\/wp-content\/uploads\/2013\/05\/inspe\u00e7\u00e3o.jpg\"><img loading=\"lazy\" decoding=\"async\" aria-describedby=\"caption-attachment-48037\" class=\"size-medium wp-image-48037\" title=\"inspe\u00e7\u00e3o\" src=\"http:\/\/senoticias.com.br\/se\/wp-content\/uploads\/2013\/05\/inspe\u00e7\u00e3o-300x200.jpg\" alt=\"\" width=\"300\" height=\"200\" srcset=\"https:\/\/senoticias.com.br\/se\/wp-content\/uploads\/2013\/05\/inspe\u00e7\u00e3o-300x200.jpg 300w, https:\/\/senoticias.com.br\/se\/wp-content\/uploads\/2013\/05\/inspe\u00e7\u00e3o-342x228.jpg 342w, https:\/\/senoticias.com.br\/se\/wp-content\/uploads\/2013\/05\/inspe\u00e7\u00e3o.jpg 519w\" sizes=\"(max-width: 300px) 100vw, 300px\" \/><\/a><p id=\"caption-attachment-48037\" class=\"wp-caption-text\">Defensores P\u00fablicos s\u00e3o impedidos de realizar inspe\u00e7\u00e3o na Cl\u00ednica S\u00e3o Marcelo. (Divulga\u00e7\u00e3o)<\/p><\/div>\n<p style=\"text-align: justify;\">Os defensores p\u00fablicos do N\u00facleo da Sa\u00fade, Anderson Clei, Eduardo Ca\u00e7\u00e3o, Carolina D`Avila e a psic\u00f3loga do Centro Integrado de Atendimento Psicossocial (Ciaps) da Defensoria P\u00fablica do Estado de Sergipe, Syrlene Besouchet, foram impedidos de realizar uma inspe\u00e7\u00e3o na tarde desta ter\u00e7a-feira, 14, na Cl\u00ednica S\u00e3o Marcelo.<\/p>\n<p style=\"text-align: justify;\">O objetivo foi averiguar uma pr\u00e1tica rotineira do N\u00facleo e Ciaps em virtude da grande demanda de quest\u00f5es relacionadas \u00e0 depend\u00eancia qu\u00edmica e transtorno mental dos pacientes. \u201cA inspe\u00e7\u00e3o foi para verificar a situa\u00e7\u00e3o dos pacientes, mas infelizmente fomos impedidos por um funcion\u00e1rio sob a alega\u00e7\u00e3o de que n\u00e3o t\u00ednhamos uma ordem judicial. A equipe ir\u00e1 se reunir para analisar o fato e tomar as medidas cab\u00edveis\u201d, lamenta a psic\u00f3loga Syrlene Besouchet.<\/p>\n<p style=\"text-align: justify;\">O defensor p\u00fablico, Eduardo Ca\u00e7\u00e3o, reprovou o comportamento da Cl\u00ednica. &#8220;A Cl\u00ednica S\u00e3o Marcelo presta servi\u00e7o dentro do SUS e a Defensoria P\u00fablica possui prerrogativas que permitem o que foi pretendido, portanto, a negativa de ingresso para realiza\u00e7\u00e3o da vistoria foi ilegal&#8221;, afirmou.<\/p>\n<p style=\"text-align: justify;\"><em><strong>D\u00e9bora\u00a0Matos &#8211; Assessoria de Comunica\u00e7\u00e3o<\/strong><\/em><\/p>\n","protected":false},"excerpt":{"rendered":"<p>&nbsp; Os defensores p\u00fablicos do N\u00facleo da Sa\u00fade, Anderson Clei, Eduardo Ca\u00e7\u00e3o, Carolina D`Avila e a psic\u00f3loga do Centro Integrado de Atendimento Psicossocial (Ciaps) da Defensoria P\u00fablica do Estado de Sergipe, Syrlene Besouchet, foram impedidos de realizar uma inspe\u00e7\u00e3o na tarde desta ter\u00e7a-feira, 14, na Cl\u00ednica S\u00e3o Marcelo. O objetivo foi averiguar uma pr\u00e1tica rotineira [&hellip;]<\/p>\n","protected":false},"author":2,"featured_media":48037,"parent":0,"menu_order":0,"comment_status":"closed","ping_status":"open","template":"","meta":{"footnotes":""},"class_list":["post-48036","page","type-page","status-publish","has-post-thumbnail"],"_links":{"self":[{"href":"https:\/\/senoticias.com.br\/se\/wp-json\/wp\/v2\/pages\/48036"}],"collection":[{"href":"https:\/\/senoticias.com.br\/se\/wp-json\/wp\/v2\/pages"}],"about":[{"href":"https:\/\/senoticias.com.br\/se\/wp-json\/wp\/v2\/types\/page"}],"author":[{"embeddable":true,"href":"https:\/\/senoticias.com.br\/se\/wp-json\/wp\/v2\/users\/2"}],"replies":[{"embeddable":true,"href":"https:\/\/senoticias.com.br\/se\/wp-json\/wp\/v2\/comments?post=48036"}],"version-history":[{"count":0,"href":"https:\/\/senoticias.com.br\/se\/wp-json\/wp\/v2\/pages\/48036\/revisions"}],"wp:featuredmedia":[{"embeddable":true,"href":"https:\/\/senoticias.com.br\/se\/wp-json\/wp\/v2\/media\/48037"}],"wp:attachment":[{"href":"https:\/\/senoticias.com.br\/se\/wp-json\/wp\/v2\/media?parent=48036"}],"curies":[{"name":"wp","href":"https:\/\/api.w.org\/{rel}","templated":true}]}}